{"id":6204,"date":"2023-10-02T09:24:42","date_gmt":"2023-10-02T09:24:42","guid":{"rendered":"https:\/\/www.happybride.sk\/?page_id=6204"},"modified":"2025-11-19T20:23:15","modified_gmt":"2025-11-19T20:23:15","slug":"forever-mine","status":"publish","type":"page","link":"https:\/\/www.happybride.sk\/?page_id=6204","title":{"rendered":"Party dresses"},"content":{"rendered":"<p>[vc_row row_content_width=&#8220;grid&#8220; css=&#8220;.vc_custom_1650042466658{padding-top: 23px !important;padding-bottom: 52px !important;}&#8220;][vc_column offset=&#8220;vc_col-lg-offset-0 vc_col-lg-12 vc_col-md-offset-0 vc_col-md-12 vc_col-sm-offset-0&#8243;]<div class=\"eltdf-section-title-holder  eltdf-st-standard eltdf-st-aligncenter  \" style=\"text-align: center\">\n\t<div class=\"eltdf-st-inner\">\n\t\t                    <h6 class=\"eltdf-st-separator-subtitle\" >Popolno\u010dn\u00e9 \u0161aty<\/h6>\n        \t\t\t\t\t<p class=\"eltdf-st-text\" style=\"margin-top: 13px\">\n\t\t\t\tKolekcia modern\u00fdch mini popolno\u010dn\u00fdch \u0161iat pre nevesty, ktor\u00e9 chc\u00fa po polnoci za\u017eiari\u0165 \u0161t\u00fdlovo a c\u00edti\u0165 sa vo\u013ene.<br \/>\nTrendov\u00e9 strihy zv\u00fdraz\u0148uj\u00fa \u017eenskos\u0165, s\u00fa \u013eahk\u00e9, elegantn\u00e9 a ide\u00e1lne na tanec a z\u00e1bavu a\u017e do r\u00e1na.\t\t\t<\/p>\n\t\t\t<\/div>\n<\/div><div class=\"eltdf-section-title-holder  eltdf-st-standard eltdf-st-aligncenter  \" style=\"text-align: center\">\n\t<div class=\"eltdf-st-inner\">\n\t\t        \t\t\t\t\t<p class=\"eltdf-st-text\" style=\"margin-top: 13px\">\n\t\t\t\tCena pren\u00e1jmu pre na\u0161e nevesty je 160 \u20ac.<br \/>\nPre nevesty, ktor\u00e9 si svadobn\u00e9 \u0161aty nevyber\u00fa u n\u00e1s a chc\u00fa si zapo\u017ei\u010da\u0165 iba mini \u0161aty, je cena 210 \u20ac.<br \/>\nVe\u013ekosti \u0161iat s\u00fa v rozmedz\u00ed od 36 do 40.\t\t\t<\/p>\n\t\t\t<\/div>\n<\/div>[vc_empty_space height=&#8220;43px&#8220;]<div class=\"eltdf-image-gallery eltdf-grid-list eltdf-disable-bottom-space  eltdf-ig-grid-type eltdf-three-columns eltdf-small-space  eltdf-image-behavior-lightbox \">\n\t<div class=\"eltdf-ig-inner eltdf-outer-space\">\n\t\t\t\t\t<div class=\"eltdf-ig-image eltdf-item-space\">\n\t\t\t\t<div class=\"eltdf-ig-image-inner\">\n\t\t\t\t\t\t\t\t\t\t\t<a itemprop=\"image\" class=\"eltdf-ig-lightbox\" href=\"https:\/\/www.happybride.sk\/wp-content\/uploads\/2025\/09\/1.-Marita-scaled.jpg\" data-rel=\"prettyPhoto[image_gallery_pretty_photo-96]\" title=\"1. Marita\">\n\t\t\t\t\t\t\t\t\t\t\t<img loading=\"lazy\" decoding=\"async\" width=\"1707\" height=\"2560\" src=\"https:\/\/www.happybride.sk\/wp-content\/uploads\/2025\/09\/1.-Marita-scaled.jpg\" class=\"attachment-full size-full\" alt=\"\" srcset=\"https:\/\/www.happybride.sk\/wp-content\/uploads\/2025\/09\/1.-Marita-scaled.jpg 1707w, https:\/\/www.happybride.sk\/wp-content\/uploads\/2025\/09\/1.-Marita-200x300.jpg 200w, https:\/\/www.happybride.sk\/wp-content\/uploads\/2025\/09\/1.-Marita-683x1024.jpg 683w, https:\/\/www.happybride.sk\/wp-content\/uploads\/2025\/09\/1.-Marita-768x1152.jpg 768w, https:\/\/www.happybride.sk\/wp-content\/uploads\/2025\/09\/1.-Marita-1024x1536.jpg 1024w, https:\/\/www.happybride.sk\/wp-content\/uploads\/2025\/09\/1.-Marita-1366x2048.jpg 1366w\" sizes=\"auto, (max-width: 1707px) 100vw, 1707px\" \/>\t\t\t\t\t\t\t\t\t\t\t<\/a>\n\t\t\t\t\t\t\t\t\t<\/div>\n\t\t\t<\/div>\n\t\t\t\t\t<div class=\"eltdf-ig-image eltdf-item-space\">\n\t\t\t\t<div class=\"eltdf-ig-image-inner\">\n\t\t\t\t\t\t\t\t\t\t\t<a itemprop=\"image\" class=\"eltdf-ig-lightbox\" href=\"https:\/\/www.happybride.sk\/wp-content\/uploads\/2025\/09\/3.-Marita-scaled.jpg\" data-rel=\"prettyPhoto[image_gallery_pretty_photo-96]\" title=\"3. Marita\">\n\t\t\t\t\t\t\t\t\t\t\t<img loading=\"lazy\" decoding=\"async\" width=\"1707\" height=\"2560\" src=\"https:\/\/www.happybride.sk\/wp-content\/uploads\/2025\/09\/3.-Marita-scaled.jpg\" class=\"attachment-full size-full\" alt=\"\" srcset=\"https:\/\/www.happybride.sk\/wp-content\/uploads\/2025\/09\/3.-Marita-scaled.jpg 1707w, https:\/\/www.happybride.sk\/wp-content\/uploads\/2025\/09\/3.-Marita-200x300.jpg 200w, https:\/\/www.happybride.sk\/wp-content\/uploads\/2025\/09\/3.-Marita-683x1024.jpg 683w, https:\/\/www.happybride.sk\/wp-content\/uploads\/2025\/09\/3.-Marita-768x1152.jpg 768w, https:\/\/www.happybride.sk\/wp-content\/uploads\/2025\/09\/3.-Marita-1024x1536.jpg 1024w, https:\/\/www.happybride.sk\/wp-content\/uploads\/2025\/09\/3.-Marita-1366x2048.jpg 1366w\" sizes=\"auto, (max-width: 1707px) 100vw, 1707px\" \/>\t\t\t\t\t\t\t\t\t\t\t<\/a>\n\t\t\t\t\t\t\t\t\t<\/div>\n\t\t\t<\/div>\n\t\t\t\t\t<div class=\"eltdf-ig-image eltdf-item-space\">\n\t\t\t\t<div class=\"eltdf-ig-image-inner\">\n\t\t\t\t\t\t\t\t\t\t\t<a itemprop=\"image\" class=\"eltdf-ig-lightbox\" href=\"https:\/\/www.happybride.sk\/wp-content\/uploads\/2025\/09\/2.-Marita-scaled.jpg\" data-rel=\"prettyPhoto[image_gallery_pretty_photo-96]\" title=\"2. Marita\">\n\t\t\t\t\t\t\t\t\t\t\t<img loading=\"lazy\" decoding=\"async\" width=\"1707\" height=\"2560\" src=\"https:\/\/www.happybride.sk\/wp-content\/uploads\/2025\/09\/2.-Marita-scaled.jpg\" class=\"attachment-full size-full\" alt=\"\" srcset=\"https:\/\/www.happybride.sk\/wp-content\/uploads\/2025\/09\/2.-Marita-scaled.jpg 1707w, https:\/\/www.happybride.sk\/wp-content\/uploads\/2025\/09\/2.-Marita-200x300.jpg 200w, https:\/\/www.happybride.sk\/wp-content\/uploads\/2025\/09\/2.-Marita-683x1024.jpg 683w, https:\/\/www.happybride.sk\/wp-content\/uploads\/2025\/09\/2.-Marita-768x1151.jpg 768w, https:\/\/www.happybride.sk\/wp-content\/uploads\/2025\/09\/2.-Marita-1024x1536.jpg 1024w, https:\/\/www.happybride.sk\/wp-content\/uploads\/2025\/09\/2.-Marita-1366x2048.jpg 1366w\" sizes=\"auto, (max-width: 1707px) 100vw, 1707px\" \/>\t\t\t\t\t\t\t\t\t\t\t<\/a>\n\t\t\t\t\t\t\t\t\t<\/div>\n\t\t\t<\/div>\n\t\t\t\t\t<div class=\"eltdf-ig-image eltdf-item-space\">\n\t\t\t\t<div class=\"eltdf-ig-image-inner\">\n\t\t\t\t\t\t\t\t\t\t\t<a itemprop=\"image\" class=\"eltdf-ig-lightbox\" href=\"https:\/\/www.happybride.sk\/wp-content\/uploads\/2025\/09\/4.-Lumi-scaled.jpg\" data-rel=\"prettyPhoto[image_gallery_pretty_photo-96]\" title=\"4. Lumi\">\n\t\t\t\t\t\t\t\t\t\t\t<img loading=\"lazy\" decoding=\"async\" width=\"1708\" height=\"2560\" src=\"https:\/\/www.happybride.sk\/wp-content\/uploads\/2025\/09\/4.-Lumi-scaled.jpg\" class=\"attachment-full size-full\" alt=\"\" srcset=\"https:\/\/www.happybride.sk\/wp-content\/uploads\/2025\/09\/4.-Lumi-scaled.jpg 1708w, https:\/\/www.happybride.sk\/wp-content\/uploads\/2025\/09\/4.-Lumi-200x300.jpg 200w, https:\/\/www.happybride.sk\/wp-content\/uploads\/2025\/09\/4.-Lumi-683x1024.jpg 683w, https:\/\/www.happybride.sk\/wp-content\/uploads\/2025\/09\/4.-Lumi-768x1151.jpg 768w, https:\/\/www.happybride.sk\/wp-content\/uploads\/2025\/09\/4.-Lumi-1025x1536.jpg 1025w, https:\/\/www.happybride.sk\/wp-content\/uploads\/2025\/09\/4.-Lumi-1366x2048.jpg 1366w\" sizes=\"auto, (max-width: 1708px) 100vw, 1708px\" \/>\t\t\t\t\t\t\t\t\t\t\t<\/a>\n\t\t\t\t\t\t\t\t\t<\/div>\n\t\t\t<\/div>\n\t\t\t\t\t<div class=\"eltdf-ig-image eltdf-item-space\">\n\t\t\t\t<div class=\"eltdf-ig-image-inner\">\n\t\t\t\t\t\t\t\t\t\t\t<a itemprop=\"image\" class=\"eltdf-ig-lightbox\" href=\"https:\/\/www.happybride.sk\/wp-content\/uploads\/2025\/09\/5.-Lumi-scaled.jpg\" data-rel=\"prettyPhoto[image_gallery_pretty_photo-96]\" title=\"5. Lumi\">\n\t\t\t\t\t\t\t\t\t\t\t<img loading=\"lazy\" decoding=\"async\" width=\"1708\" height=\"2560\" src=\"https:\/\/www.happybride.sk\/wp-content\/uploads\/2025\/09\/5.-Lumi-scaled.jpg\" class=\"attachment-full size-full\" alt=\"\" srcset=\"https:\/\/www.happybride.sk\/wp-content\/uploads\/2025\/09\/5.-Lumi-scaled.jpg 1708w, https:\/\/www.happybride.sk\/wp-content\/uploads\/2025\/09\/5.-Lumi-200x300.jpg 200w, https:\/\/www.happybride.sk\/wp-content\/uploads\/2025\/09\/5.-Lumi-683x1024.jpg 683w, https:\/\/www.happybride.sk\/wp-content\/uploads\/2025\/09\/5.-Lumi-768x1151.jpg 768w, https:\/\/www.happybride.sk\/wp-content\/uploads\/2025\/09\/5.-Lumi-1025x1536.jpg 1025w, https:\/\/www.happybride.sk\/wp-content\/uploads\/2025\/09\/5.-Lumi-1366x2048.jpg 1366w\" sizes=\"auto, (max-width: 1708px) 100vw, 1708px\" \/>\t\t\t\t\t\t\t\t\t\t\t<\/a>\n\t\t\t\t\t\t\t\t\t<\/div>\n\t\t\t<\/div>\n\t\t\t\t\t<div class=\"eltdf-ig-image eltdf-item-space\">\n\t\t\t\t<div class=\"eltdf-ig-image-inner\">\n\t\t\t\t\t\t\t\t\t\t\t<a itemprop=\"image\" class=\"eltdf-ig-lightbox\" href=\"https:\/\/www.happybride.sk\/wp-content\/uploads\/2025\/09\/6.-Lumiere-scaled.jpg\" data-rel=\"prettyPhoto[image_gallery_pretty_photo-96]\" title=\"6. Lumiere\">\n\t\t\t\t\t\t\t\t\t\t\t<img loading=\"lazy\" decoding=\"async\" width=\"1708\" height=\"2560\" src=\"https:\/\/www.happybride.sk\/wp-content\/uploads\/2025\/09\/6.-Lumiere-scaled.jpg\" class=\"attachment-full size-full\" alt=\"\" srcset=\"https:\/\/www.happybride.sk\/wp-content\/uploads\/2025\/09\/6.-Lumiere-scaled.jpg 1708w, https:\/\/www.happybride.sk\/wp-content\/uploads\/2025\/09\/6.-Lumiere-200x300.jpg 200w, https:\/\/www.happybride.sk\/wp-content\/uploads\/2025\/09\/6.-Lumiere-683x1024.jpg 683w, https:\/\/www.happybride.sk\/wp-content\/uploads\/2025\/09\/6.-Lumiere-768x1151.jpg 768w, https:\/\/www.happybride.sk\/wp-content\/uploads\/2025\/09\/6.-Lumiere-1025x1536.jpg 1025w, https:\/\/www.happybride.sk\/wp-content\/uploads\/2025\/09\/6.-Lumiere-1366x2048.jpg 1366w\" sizes=\"auto, (max-width: 1708px) 100vw, 1708px\" \/>\t\t\t\t\t\t\t\t\t\t\t<\/a>\n\t\t\t\t\t\t\t\t\t<\/div>\n\t\t\t<\/div>\n\t\t\t\t\t<div class=\"eltdf-ig-image eltdf-item-space\">\n\t\t\t\t<div class=\"eltdf-ig-image-inner\">\n\t\t\t\t\t\t\t\t\t\t\t<a itemprop=\"image\" class=\"eltdf-ig-lightbox\" href=\"https:\/\/www.happybride.sk\/wp-content\/uploads\/2025\/09\/7.-Bona-scaled.jpg\" data-rel=\"prettyPhoto[image_gallery_pretty_photo-96]\" title=\"7. Bona\">\n\t\t\t\t\t\t\t\t\t\t\t<img loading=\"lazy\" decoding=\"async\" width=\"1707\" height=\"2560\" src=\"https:\/\/www.happybride.sk\/wp-content\/uploads\/2025\/09\/7.-Bona-scaled.jpg\" class=\"attachment-full size-full\" alt=\"\" srcset=\"https:\/\/www.happybride.sk\/wp-content\/uploads\/2025\/09\/7.-Bona-scaled.jpg 1707w, https:\/\/www.happybride.sk\/wp-content\/uploads\/2025\/09\/7.-Bona-200x300.jpg 200w, https:\/\/www.happybride.sk\/wp-content\/uploads\/2025\/09\/7.-Bona-683x1024.jpg 683w, https:\/\/www.happybride.sk\/wp-content\/uploads\/2025\/09\/7.-Bona-768x1152.jpg 768w, https:\/\/www.happybride.sk\/wp-content\/uploads\/2025\/09\/7.-Bona-1024x1536.jpg 1024w, https:\/\/www.happybride.sk\/wp-content\/uploads\/2025\/09\/7.-Bona-1365x2048.jpg 1365w\" sizes=\"auto, (max-width: 1707px) 100vw, 1707px\" \/>\t\t\t\t\t\t\t\t\t\t\t<\/a>\n\t\t\t\t\t\t\t\t\t<\/div>\n\t\t\t<\/div>\n\t\t\t\t\t<div class=\"eltdf-ig-image eltdf-item-space\">\n\t\t\t\t<div class=\"eltdf-ig-image-inner\">\n\t\t\t\t\t\t\t\t\t\t\t<a itemprop=\"image\" class=\"eltdf-ig-lightbox\" href=\"https:\/\/www.happybride.sk\/wp-content\/uploads\/2025\/09\/8.-Bona-scaled.jpg\" data-rel=\"prettyPhoto[image_gallery_pretty_photo-96]\" title=\"8. Bona\">\n\t\t\t\t\t\t\t\t\t\t\t<img loading=\"lazy\" decoding=\"async\" width=\"1706\" height=\"2560\" src=\"https:\/\/www.happybride.sk\/wp-content\/uploads\/2025\/09\/8.-Bona-scaled.jpg\" class=\"attachment-full size-full\" alt=\"\" srcset=\"https:\/\/www.happybride.sk\/wp-content\/uploads\/2025\/09\/8.-Bona-scaled.jpg 1706w, https:\/\/www.happybride.sk\/wp-content\/uploads\/2025\/09\/8.-Bona-200x300.jpg 200w, https:\/\/www.happybride.sk\/wp-content\/uploads\/2025\/09\/8.-Bona-683x1024.jpg 683w, https:\/\/www.happybride.sk\/wp-content\/uploads\/2025\/09\/8.-Bona-768x1152.jpg 768w, https:\/\/www.happybride.sk\/wp-content\/uploads\/2025\/09\/8.-Bona-1024x1536.jpg 1024w, https:\/\/www.happybride.sk\/wp-content\/uploads\/2025\/09\/8.-Bona-1365x2048.jpg 1365w\" sizes=\"auto, (max-width: 1706px) 100vw, 1706px\" \/>\t\t\t\t\t\t\t\t\t\t\t<\/a>\n\t\t\t\t\t\t\t\t\t<\/div>\n\t\t\t<\/div>\n\t\t\t\t\t<div class=\"eltdf-ig-image eltdf-item-space\">\n\t\t\t\t<div class=\"eltdf-ig-image-inner\">\n\t\t\t\t\t\t\t\t\t\t\t<a itemprop=\"image\" class=\"eltdf-ig-lightbox\" href=\"https:\/\/www.happybride.sk\/wp-content\/uploads\/2025\/09\/9.-Zefir-scaled.jpg\" data-rel=\"prettyPhoto[image_gallery_pretty_photo-96]\" title=\"9. Zefir\">\n\t\t\t\t\t\t\t\t\t\t\t<img loading=\"lazy\" decoding=\"async\" width=\"1707\" height=\"2560\" src=\"https:\/\/www.happybride.sk\/wp-content\/uploads\/2025\/09\/9.-Zefir-scaled.jpg\" class=\"attachment-full size-full\" alt=\"\" srcset=\"https:\/\/www.happybride.sk\/wp-content\/uploads\/2025\/09\/9.-Zefir-scaled.jpg 1707w, https:\/\/www.happybride.sk\/wp-content\/uploads\/2025\/09\/9.-Zefir-200x300.jpg 200w, https:\/\/www.happybride.sk\/wp-content\/uploads\/2025\/09\/9.-Zefir-683x1024.jpg 683w, https:\/\/www.happybride.sk\/wp-content\/uploads\/2025\/09\/9.-Zefir-768x1152.jpg 768w, https:\/\/www.happybride.sk\/wp-content\/uploads\/2025\/09\/9.-Zefir-1024x1536.jpg 1024w, https:\/\/www.happybride.sk\/wp-content\/uploads\/2025\/09\/9.-Zefir-1365x2048.jpg 1365w\" sizes=\"auto, (max-width: 1707px) 100vw, 1707px\" \/>\t\t\t\t\t\t\t\t\t\t\t<\/a>\n\t\t\t\t\t\t\t\t\t<\/div>\n\t\t\t<\/div>\n\t\t\t<\/div>\n<\/div>[\/vc_column][\/vc_row][vc_row row_content_width=&#8220;grid&#8220; content_text_aligment=&#8220;center&#8220; css=&#8220;.vc_custom_1650044397180{padding-top: 123px !important;padding-bottom: 52px !important;}&#8220; simple_background_color=&#8220;#fbb8ac&#8220;][vc_column]<div class=\"eltdf-section-title-holder  eltdf-st-standard eltdf-st-aligncenter  \" style=\"text-align: center\">\n\t<div class=\"eltdf-st-inner\">\n\t\t\t\t\t<h1 class=\"eltdf-st-title\" >\n\t\t\t\tNezme\u0161kajte v\u00fdber \u0161iat, po ktor\u00fdch t\u00fa\u017eite!\t\t\t<\/h1>\n\t\t                    <h6 class=\"eltdf-st-separator-subtitle\" >Rezerv\u00e1cia<\/h6>\n        \t\t\t<\/div>\n<\/div>[vc_empty_space height=&#8220;43px&#8220;]<a itemprop=\"url\" href=\"https:\/\/www.happybride.sk\/#rezervacia\" target=\"_self\" style=\"margin: auto\" class=\"eltdf-btn eltdf-btn-medium eltdf-btn-solid margin: auto; display: table;\"  >\n    <span class=\"eltdf-btn-text\">Rezervujte si term\u00edn<\/span>\n    <\/a>[\/vc_column][\/vc_row][vc_row content_placement=&#8220;middle&#8220; row_content_width=&#8220;grid&#8220; content_text_aligment=&#8220;center&#8220; css=&#8220;.vc_custom_1526477853512{padding-top: 134px !important;padding-bottom: 125px !important;}&#8220;][vc_column]<div class=\"eltdf-section-title-holder  eltdf-st-standard   \" >\n\t<div class=\"eltdf-st-inner\">\n\t\t\t\t\t<h3 class=\"eltdf-st-title\" >\n\t\t\t\t\u010eal\u0161ie kolekcie n\u00e1\u0161ho sal\u00f3nu\t\t\t<\/h3>\n\t\t                    <h6 class=\"eltdf-st-separator-subtitle\" >Happy Bride<\/h6>\n        \t\t\t<\/div>\n<\/div>[vc_empty_space height=&#8220;43px&#8220;][vc_row_inner][vc_column_inner offset=&#8220;vc_col-lg-offset-0 vc_col-lg-4 vc_col-md-offset-0 vc_col-md-4 vc_col-sm-offset-0 vc_col-xs-12&#8243;][vc_hoverbox image=&#8220;6903&#8243; primary_title=&#8220;My Fairytale&#8220; primary_title_font_container=&#8220;color:%23ffffff&#8220; primary_title_use_theme_fonts=&#8220;yes&#8220; hover_title=&#8220;Zobrazi\u0165 kolekciu&#8220; hover_title_font_container=&#8220;font_size:50|color:%233d3d3d&#8220; hover_title_use_theme_fonts=&#8220;yes&#8220; hover_background_color=&#8220;custom&#8220; use_custom_fonts_primary_title=&#8220;true&#8220; use_custom_fonts_hover_title=&#8220;true&#8220; hover_custom_background=&#8220;#fbb8ac&#8220; primary_title_link=&#8220;url:%2F%3Fpage_id%3D1501|title:zobrazit&#8220; hover_title_link=&#8220;url:https%3A%2F%2Fwww.happybride.sk%2F%3Fpage_id%3D4808|title:My%20Fairytale&#8220;][\/vc_hoverbox][vc_empty_space height=&#8220;85px&#8220;][\/vc_column_inner][vc_column_inner offset=&#8220;vc_col-lg-offset-0 vc_col-lg-4 vc_col-md-offset-0 vc_col-md-4 vc_col-sm-offset-0 vc_col-xs-12&#8243;][vc_hoverbox image=&#8220;7595&#8243; primary_title=&#8220;Simply Love&#8220; primary_title_font_container=&#8220;color:%23ffffff&#8220; primary_title_use_theme_fonts=&#8220;yes&#8220; hover_title=&#8220;Zobrazi\u0165 kolekciu&#8220; hover_title_font_container=&#8220;font_size:50|color:%233d3d3d&#8220; hover_title_use_theme_fonts=&#8220;yes&#8220; hover_background_color=&#8220;custom&#8220; use_custom_fonts_primary_title=&#8220;true&#8220; use_custom_fonts_hover_title=&#8220;true&#8220; hover_custom_background=&#8220;#fbb8ac&#8220; primary_title_link=&#8220;url:%2F%3Fpage_id%3D1501|title:zobrazit&#8220; hover_title_link=&#8220;url:https%3A%2F%2Fwww.happybride.sk%2F%3Fpage_id%3D4784|title:Simply%20Love&#8220;][\/vc_hoverbox][vc_empty_space height=&#8220;85px&#8220;][\/vc_column_inner][vc_column_inner offset=&#8220;vc_col-lg-offset-0 vc_col-lg-4 vc_col-md-offset-0 vc_col-md-4 vc_col-sm-offset-0 vc_col-xs-12&#8243;][vc_hoverbox image=&#8220;7659&#8243; primary_title=&#8220;Royal&#8220; primary_title_font_container=&#8220;color:%23ffffff&#8220; primary_title_use_theme_fonts=&#8220;yes&#8220; hover_title=&#8220;Zobrazi\u0165 kolekciu&#8220; hover_title_font_container=&#8220;font_size:50|color:%233d3d3d&#8220; hover_title_use_theme_fonts=&#8220;yes&#8220; hover_background_color=&#8220;custom&#8220; use_custom_fonts_primary_title=&#8220;true&#8220; use_custom_fonts_hover_title=&#8220;true&#8220; hover_custom_background=&#8220;#fbb8ac&#8220; primary_title_link=&#8220;url:%2F%3Fpage_id%3D1501|title:zobrazit&#8220; hover_title_link=&#8220;url:https%3A%2F%2Fwww.happybride.sk%2F%3Fpage_id%3D1501|title:Royal&#8220;][\/vc_hoverbox][vc_empty_space height=&#8220;85px&#8220;][\/vc_column_inner][\/vc_row_inner][\/vc_column][\/vc_row]<\/p>\n","protected":false},"excerpt":{"rendered":"<p>[vc_row row_content_width=&#8220;grid&#8220; css=&#8220;.vc_custom_1650042466658{padding-top: 23px !important;padding-bottom: 52px !important;}&#8220;][vc_column offset=&#8220;vc_col-lg-offset-0 vc_col-lg-12 vc_col-md-offset-0 vc_col-md-12 vc_col-sm-offset-0&#8243;][vc_empty_space height=&#8220;43px&#8220;][\/vc_column][\/vc_row][vc_row row_content_width=&#8220;grid&#8220; content_text_aligment=&#8220;center&#8220; css=&#8220;.vc_custom_1650044397180{padding-top: 123px !important;padding-bottom: 52px !important;}&#8220; simple_background_color=&#8220;#fbb8ac&#8220;][vc_column][vc_empty_space height=&#8220;43px&#8220;][\/vc_column][\/vc_row][vc_row content_placement=&#8220;middle&#8220; row_content_width=&#8220;grid&#8220; content_text_aligment=&#8220;center&#8220; css=&#8220;.vc_custom_1526477853512{padding-top: 134px !important;padding-bottom: 125px !important;}&#8220;][vc_column][vc_empty_space height=&#8220;43px&#8220;][vc_row_inner][vc_column_inner offset=&#8220;vc_col-lg-offset-0 vc_col-lg-4 vc_col-md-offset-0 vc_col-md-4 vc_col-sm-offset-0 vc_col-xs-12&#8243;][vc_hoverbox image=&#8220;6903&#8243; primary_title=&#8220;My Fairytale&#8220; primary_title_font_container=&#8220;color:%23ffffff&#8220; primary_title_use_theme_fonts=&#8220;yes&#8220; [&hellip;]<\/p>\n","protected":false},"author":1,"featured_media":0,"parent":0,"menu_order":0,"comment_status":"closed","ping_status":"closed","template":"full-width.php","meta":{"footnotes":""},"class_list":["post-6204","page","type-page","status-publish","hentry"],"_links":{"self":[{"href":"https:\/\/www.happybride.sk\/index.php?rest_route=\/wp\/v2\/pages\/6204","targetHints":{"allow":["GET"]}}],"collection":[{"href":"https:\/\/www.happybride.sk\/index.php?rest_route=\/wp\/v2\/pages"}],"about":[{"href":"https:\/\/www.happybride.sk\/index.php?rest_route=\/wp\/v2\/types\/page"}],"author":[{"embeddable":true,"href":"https:\/\/www.happybride.sk\/index.php?rest_route=\/wp\/v2\/users\/1"}],"replies":[{"embeddable":true,"href":"https:\/\/www.happybride.sk\/index.php?rest_route=%2Fwp%2Fv2%2Fcomments&post=6204"}],"version-history":[{"count":25,"href":"https:\/\/www.happybride.sk\/index.php?rest_route=\/wp\/v2\/pages\/6204\/revisions"}],"predecessor-version":[{"id":7807,"href":"https:\/\/www.happybride.sk\/index.php?rest_route=\/wp\/v2\/pages\/6204\/revisions\/7807"}],"wp:attachment":[{"href":"https:\/\/www.happybride.sk\/index.php?rest_route=%2Fwp%2Fv2%2Fmedia&parent=6204"}],"curies":[{"name":"wp","href":"https:\/\/api.w.org\/{rel}","templated":true}]}}